{"id":13,"date":"2017-05-05T11:12:40","date_gmt":"2017-05-05T09:12:40","guid":{"rendered":"http:\/\/www.spolekbos.cz\/?page_id=13"},"modified":"2023-05-29T14:58:24","modified_gmt":"2023-05-29T12:58:24","slug":"o-nas","status":"publish","type":"page","link":"https:\/\/www.spolekbos.cz\/?page_id=13","title":{"rendered":"O n\u00e1s"},"content":{"rendered":"<p>Spolek vznikl v\u00a0roce 2008 za souhlasu obce Bolebo\u0159. P\u016fvodn\u00edm c\u00edlem spolku byly aktivity vedouc\u00ed ke zvelebov\u00e1n\u00ed obce. Konkr\u00e9tn\u011b pak p\u00e9\u010de o kapli\u010dku, d\u011btsk\u00e9 h\u0159i\u0161t\u011b, r\u016fzn\u00e9 setk\u00e1vac\u00ed aktivity a pod. Dne 8.12.2016 jsme tento spolek p\u0159evedli na pr\u00e1vn\u00ed subjekt. Hlavn\u00ed c\u00edle spolku jsou:<\/p>\n<ul>\n<li>ochrana p\u0159\u00edrody a krajiny, co\u017e je hlavn\u00edm posl\u00e1n\u00edm spolku,<\/li>\n<li>\u2028poskytov\u00e1n\u00ed obecn\u011b prosp\u011b\u0161n\u00fdch (bezplatn\u00fdch) slu\u017eeb v oblasti ochrany \u017eivotn\u00edho prost\u0159ed\u00ed.<\/li>\n<li>ochrana ve\u0159ejn\u00e9ho zdrav\u00ed;<\/li>\n<li>tvorba prost\u0159ed\u00ed bezpe\u010dn\u00e9ho z hlediska dopravy, p\u0159edev\u0161\u00edm p\u011b\u0161\u00ed a cyklistick\u00e9;<\/li>\n<li>ochrana pam\u00e1tek, kulturn\u00edch hodnot a krajinn\u00e9ho r\u00e1zu urbanizovan\u00e9 i neurbanizovan\u00e9 krajiny;<\/li>\n<li>ochrana zelen\u011b v obci<\/li>\n<li>organizov\u00e1n\u00ed m\u00edstn\u00edch kulturn\u00edch a sportovn\u00edch setk\u00e1n\u00ed<\/li>\n<\/ul>\n<p>P\u0159edes\u00edl\u00e1me, \u017ee smyslem spolku je jednozna\u010dn\u011b zlep\u0161ov\u00e1n\u00ed \u017eivotn\u00edho prost\u0159ed\u00ed a komfortu v\u00a0na\u0161\u00ed oblasti.<\/p>\n<p><strong>Spolek Bolebo\u0159, Oras\u00edn, Svahov\u00e1<br \/>\n<\/strong><\/p>\n<p>Pokud se n\u00e1m poda\u0159ilo vzbudit v\u00e1\u0161 z\u00e1jem a chcete diskutovat, nebo jen dost\u00e1vat pravideln\u00e9 informace, je to snadn\u00e9. Klikn\u011bte na <a href=\"http:\/\/www.spolekbos.cz\/oras24-admspol-5500jk\/?action=register\">Registrovat\u00a0 , <\/a>zagegistrujte se a vy\u010dkejte na potvrzen\u00ed registrace. Nebo n\u00e1m po\u0161lete email na na\u0161i adresu info@spolekbos.cz. My v\u00e1m z\u0159\u00edd\u00edme \u00fa\u010det a budete dost\u00e1vat pravideln\u00e9 informace o v\u0161ech p\u0159isp\u011bvc\u00edch. Pokud m\u00e1te facebook \u00fa\u010det, sta\u010d\u00ed se p\u0159ihl\u00e1st s n\u00edm<\/p>\n<p><a href=\"https:\/\/www.spolekbos.cz\/oras24-admspol-5500jk\/?loginSocial=facebook\"><img loading=\"lazy\" decoding=\"async\" class=\"alignnone  wp-image-2596\" src=\"https:\/\/www.spolekbos.cz\/wp-content\/uploads\/2022\/01\/Screenshot-2022-01-22-at-12.00.36.png\" alt=\"\" width=\"255\" height=\"49\" \/><\/a><\/p>\n<p>Pro udr\u017een\u00ed kultury jsou ve\u0161ker\u00e9 koment\u00e1\u0159e a p\u0159\u00edsp\u011bvky moderovan\u00e9. To znamen\u00e1, \u017ee Spolek si vyhrazuje mo\u017enost nepublikovat\/smazat nevhodn\u00e9. P\u0159esto jsou v\u0161ak jednotliv\u00e9 vstupy vyj\u00e1d\u0159en\u00ed n\u00e1zoru jednotlivce a Spolek neru\u010d\u00ed za jejich obsah.<\/p>\n<p>Kontaktn\u00ed adresa:<br \/>\nOras\u00edn \u010d.p. 24<br \/>\n431 21 Bolebo\u0159, okres Chomutov<br \/>\ninfo@spolekbos.cz<\/p>\n<p><a href=\"https:\/\/www.spolekbos.cz\/?page_id=56\">Stanovy zde<\/a><\/p>\n<p>i\u010do: 05619131<\/p>\n<p>Datov\u00e1 schr\u00e1nka: <strong>csq9ydw<\/strong><\/p>\n<p>\u010d\u00edslo transparentn\u00edho \u00fa\u010dtu 2701429300\/2010 <a href=\"https:\/\/ib.fio.cz\/ib\/transparent?a=2701429300\" target=\"_blank\" rel=\"noopener noreferrer\">odkaz na \u00fa\u010det<\/a><\/p>\n<!--CusAds0-->\n<div style=\"font-size: 0px; height: 0px; line-height: 0px; margin: 0; padding: 0; clear: both;\"><\/div>","protected":false},"excerpt":{"rendered":"<p>Spolek vznikl v\u00a0roce 2008 za souhlasu obce Bolebo\u0159. P\u016fvodn\u00edm c\u00edlem spolku byly aktivity vedouc\u00ed ke zvelebov\u00e1n\u00ed obce. Konkr\u00e9tn\u011b pak p\u00e9\u010de o kapli\u010dku, d\u011btsk\u00e9 h\u0159i\u0161t\u011b, r\u016fzn\u00e9 setk\u00e1vac\u00ed aktivity a pod. Dne 8.12.2016 jsme tento spolek p\u0159evedli na pr\u00e1vn\u00ed subjekt. Hlavn\u00ed c\u00edle <a href=\"https:\/\/www.spolekbos.cz\/?page_id=13\"> Read more&#8230;<\/a><\/p>\n","protected":false},"author":2,"featured_media":0,"parent":0,"menu_order":90,"comment_status":"closed","ping_status":"closed","template":"","meta":{"footnotes":""},"class_list":["post-13","page","type-page","status-publish","hentry"],"yoast_head":"<!-- This site is optimized with the Yoast SEO plugin v27.3 - https:\/\/yoast.com\/product\/yoast-seo-wordpress\/ -->\n<title>O n\u00e1s - Spolek Bolebo\u0159, Oras\u00edn, Svahov\u00e1<\/title>\n<meta name=\"robots\" content=\"index, follow, max-snippet:-1, max-image-preview:large, max-video-preview:-1\" \/>\n<link rel=\"canonical\" href=\"https:\/\/www.spolekbos.cz\/?page_id=13\" \/>\n<meta property=\"og:locale\" content=\"cs_CZ\" \/>\n<meta property=\"og:type\" content=\"article\" \/>\n<meta property=\"og:title\" content=\"O n\u00e1s - Spolek Bolebo\u0159, Oras\u00edn, Svahov\u00e1\" \/>\n<meta property=\"og:description\" content=\"Spolek vznikl v\u00a0roce 2008 za souhlasu obce Bolebo\u0159. P\u016fvodn\u00edm c\u00edlem spolku byly aktivity vedouc\u00ed ke zvelebov\u00e1n\u00ed obce. Konkr\u00e9tn\u011b pak p\u00e9\u010de o kapli\u010dku, d\u011btsk\u00e9 h\u0159i\u0161t\u011b, r\u016fzn\u00e9 setk\u00e1vac\u00ed aktivity a pod. Dne 8.12.2016 jsme tento spolek p\u0159evedli na pr\u00e1vn\u00ed subjekt. Hlavn\u00ed c\u00edle Read more&#8230;\" \/>\n<meta property=\"og:url\" content=\"https:\/\/www.spolekbos.cz\/?page_id=13\" \/>\n<meta property=\"og:site_name\" content=\"Spolek Bolebo\u0159, Oras\u00edn, Svahov\u00e1\" \/>\n<meta property=\"article:modified_time\" content=\"2023-05-29T12:58:24+00:00\" \/>\n<meta property=\"og:image\" content=\"https:\/\/www.spolekbos.cz\/wp-content\/uploads\/2022\/01\/Screenshot-2022-01-22-at-12.00.36.png\" \/>\n<meta name=\"twitter:card\" content=\"summary_large_image\" \/>\n<meta name=\"twitter:label1\" content=\"Odhadovan\u00e1 doba \u010dten\u00ed\" \/>\n\t<meta name=\"twitter:data1\" content=\"2 minuty\" \/>\n<script type=\"application\/ld+json\" class=\"yoast-schema-graph\">{\"@context\":\"https:\\\/\\\/schema.org\",\"@graph\":[{\"@type\":\"WebPage\",\"@id\":\"https:\\\/\\\/www.spolekbos.cz\\\/?page_id=13\",\"url\":\"https:\\\/\\\/www.spolekbos.cz\\\/?page_id=13\",\"name\":\"O n\u00e1s - Spolek Bolebo\u0159, Oras\u00edn, Svahov\u00e1\",\"isPartOf\":{\"@id\":\"https:\\\/\\\/www.spolekbos.cz\\\/#website\"},\"primaryImageOfPage\":{\"@id\":\"https:\\\/\\\/www.spolekbos.cz\\\/?page_id=13#primaryimage\"},\"image\":{\"@id\":\"https:\\\/\\\/www.spolekbos.cz\\\/?page_id=13#primaryimage\"},\"thumbnailUrl\":\"https:\\\/\\\/www.spolekbos.cz\\\/wp-content\\\/uploads\\\/2022\\\/01\\\/Screenshot-2022-01-22-at-12.00.36.png\",\"datePublished\":\"2017-05-05T09:12:40+00:00\",\"dateModified\":\"2023-05-29T12:58:24+00:00\",\"breadcrumb\":{\"@id\":\"https:\\\/\\\/www.spolekbos.cz\\\/?page_id=13#breadcrumb\"},\"inLanguage\":\"cs\",\"potentialAction\":[{\"@type\":\"ReadAction\",\"target\":[\"https:\\\/\\\/www.spolekbos.cz\\\/?page_id=13\"]}]},{\"@type\":\"ImageObject\",\"inLanguage\":\"cs\",\"@id\":\"https:\\\/\\\/www.spolekbos.cz\\\/?page_id=13#primaryimage\",\"url\":\"https:\\\/\\\/www.spolekbos.cz\\\/wp-content\\\/uploads\\\/2022\\\/01\\\/Screenshot-2022-01-22-at-12.00.36.png\",\"contentUrl\":\"https:\\\/\\\/www.spolekbos.cz\\\/wp-content\\\/uploads\\\/2022\\\/01\\\/Screenshot-2022-01-22-at-12.00.36.png\",\"width\":255,\"height\":49},{\"@type\":\"BreadcrumbList\",\"@id\":\"https:\\\/\\\/www.spolekbos.cz\\\/?page_id=13#breadcrumb\",\"itemListElement\":[{\"@type\":\"ListItem\",\"position\":1,\"name\":\"Home\",\"item\":\"https:\\\/\\\/www.spolekbos.cz\\\/\"},{\"@type\":\"ListItem\",\"position\":2,\"name\":\"O n\u00e1s\"}]},{\"@type\":\"WebSite\",\"@id\":\"https:\\\/\\\/www.spolekbos.cz\\\/#website\",\"url\":\"https:\\\/\\\/www.spolekbos.cz\\\/\",\"name\":\"Spolek Bolebo\u0159, Oras\u00edn, Svahov\u00e1\",\"description\":\"Poj\u010fte s n\u00e1mi tvo\u0159it dobr\u00fd sv\u011bt\",\"potentialAction\":[{\"@type\":\"SearchAction\",\"target\":{\"@type\":\"EntryPoint\",\"urlTemplate\":\"https:\\\/\\\/www.spolekbos.cz\\\/?s={search_term_string}\"},\"query-input\":{\"@type\":\"PropertyValueSpecification\",\"valueRequired\":true,\"valueName\":\"search_term_string\"}}],\"inLanguage\":\"cs\"}]}<\/script>\n<!-- \/ Yoast SEO plugin. -->","yoast_head_json":{"title":"O n\u00e1s - Spolek Bolebo\u0159, Oras\u00edn, Svahov\u00e1","robots":{"index":"index","follow":"follow","max-snippet":"max-snippet:-1","max-image-preview":"max-image-preview:large","max-video-preview":"max-video-preview:-1"},"canonical":"https:\/\/www.spolekbos.cz\/?page_id=13","og_locale":"cs_CZ","og_type":"article","og_title":"O n\u00e1s - Spolek Bolebo\u0159, Oras\u00edn, Svahov\u00e1","og_description":"Spolek vznikl v\u00a0roce 2008 za souhlasu obce Bolebo\u0159. P\u016fvodn\u00edm c\u00edlem spolku byly aktivity vedouc\u00ed ke zvelebov\u00e1n\u00ed obce. Konkr\u00e9tn\u011b pak p\u00e9\u010de o kapli\u010dku, d\u011btsk\u00e9 h\u0159i\u0161t\u011b, r\u016fzn\u00e9 setk\u00e1vac\u00ed aktivity a pod. Dne 8.12.2016 jsme tento spolek p\u0159evedli na pr\u00e1vn\u00ed subjekt. Hlavn\u00ed c\u00edle Read more&#8230;","og_url":"https:\/\/www.spolekbos.cz\/?page_id=13","og_site_name":"Spolek Bolebo\u0159, Oras\u00edn, Svahov\u00e1","article_modified_time":"2023-05-29T12:58:24+00:00","og_image":[{"url":"https:\/\/www.spolekbos.cz\/wp-content\/uploads\/2022\/01\/Screenshot-2022-01-22-at-12.00.36.png","type":"","width":"","height":""}],"twitter_card":"summary_large_image","twitter_misc":{"Odhadovan\u00e1 doba \u010dten\u00ed":"2 minuty"},"schema":{"@context":"https:\/\/schema.org","@graph":[{"@type":"WebPage","@id":"https:\/\/www.spolekbos.cz\/?page_id=13","url":"https:\/\/www.spolekbos.cz\/?page_id=13","name":"O n\u00e1s - Spolek Bolebo\u0159, Oras\u00edn, Svahov\u00e1","isPartOf":{"@id":"https:\/\/www.spolekbos.cz\/#website"},"primaryImageOfPage":{"@id":"https:\/\/www.spolekbos.cz\/?page_id=13#primaryimage"},"image":{"@id":"https:\/\/www.spolekbos.cz\/?page_id=13#primaryimage"},"thumbnailUrl":"https:\/\/www.spolekbos.cz\/wp-content\/uploads\/2022\/01\/Screenshot-2022-01-22-at-12.00.36.png","datePublished":"2017-05-05T09:12:40+00:00","dateModified":"2023-05-29T12:58:24+00:00","breadcrumb":{"@id":"https:\/\/www.spolekbos.cz\/?page_id=13#breadcrumb"},"inLanguage":"cs","potentialAction":[{"@type":"ReadAction","target":["https:\/\/www.spolekbos.cz\/?page_id=13"]}]},{"@type":"ImageObject","inLanguage":"cs","@id":"https:\/\/www.spolekbos.cz\/?page_id=13#primaryimage","url":"https:\/\/www.spolekbos.cz\/wp-content\/uploads\/2022\/01\/Screenshot-2022-01-22-at-12.00.36.png","contentUrl":"https:\/\/www.spolekbos.cz\/wp-content\/uploads\/2022\/01\/Screenshot-2022-01-22-at-12.00.36.png","width":255,"height":49},{"@type":"BreadcrumbList","@id":"https:\/\/www.spolekbos.cz\/?page_id=13#breadcrumb","itemListElement":[{"@type":"ListItem","position":1,"name":"Home","item":"https:\/\/www.spolekbos.cz\/"},{"@type":"ListItem","position":2,"name":"O n\u00e1s"}]},{"@type":"WebSite","@id":"https:\/\/www.spolekbos.cz\/#website","url":"https:\/\/www.spolekbos.cz\/","name":"Spolek Bolebo\u0159, Oras\u00edn, Svahov\u00e1","description":"Poj\u010fte s n\u00e1mi tvo\u0159it dobr\u00fd sv\u011bt","potentialAction":[{"@type":"SearchAction","target":{"@type":"EntryPoint","urlTemplate":"https:\/\/www.spolekbos.cz\/?s={search_term_string}"},"query-input":{"@type":"PropertyValueSpecification","valueRequired":true,"valueName":"search_term_string"}}],"inLanguage":"cs"}]}},"_links":{"self":[{"href":"https:\/\/www.spolekbos.cz\/index.php?rest_route=\/wp\/v2\/pages\/13","targetHints":{"allow":["GET"]}}],"collection":[{"href":"https:\/\/www.spolekbos.cz\/index.php?rest_route=\/wp\/v2\/pages"}],"about":[{"href":"https:\/\/www.spolekbos.cz\/index.php?rest_route=\/wp\/v2\/types\/page"}],"author":[{"embeddable":true,"href":"https:\/\/www.spolekbos.cz\/index.php?rest_route=\/wp\/v2\/users\/2"}],"replies":[{"embeddable":true,"href":"https:\/\/www.spolekbos.cz\/index.php?rest_route=%2Fwp%2Fv2%2Fcomments&post=13"}],"version-history":[{"count":10,"href":"https:\/\/www.spolekbos.cz\/index.php?rest_route=\/wp\/v2\/pages\/13\/revisions"}],"predecessor-version":[{"id":2956,"href":"https:\/\/www.spolekbos.cz\/index.php?rest_route=\/wp\/v2\/pages\/13\/revisions\/2956"}],"wp:attachment":[{"href":"https:\/\/www.spolekbos.cz\/index.php?rest_route=%2Fwp%2Fv2%2Fmedia&parent=13"}],"curies":[{"name":"wp","href":"https:\/\/api.w.org\/{rel}","templated":true}]}}