{"id":1501,"date":"2020-08-22T09:25:14","date_gmt":"2020-08-22T07:25:14","guid":{"rendered":"https:\/\/www.spolekbos.cz\/?page_id=1501"},"modified":"2023-01-18T15:33:34","modified_gmt":"2023-01-18T14:33:34","slug":"pro-cleny-spolku","status":"publish","type":"page","link":"https:\/\/www.spolekbos.cz\/?page_id=1501","title":{"rendered":"Pro \u010dleny spolku"},"content":{"rendered":"\n<h2 class=\"has-text-align-center wp-block-heading\"><strong>Ochrana d\u0159evin rostouc\u00edch mimo les <\/strong><\/h2>\n\n\n\n<p><strong><a rel=\"noreferrer noopener\" href=\"https:\/\/www.spolekbos.cz\/ochrana-drevin-mimo-les\/\" target=\"_blank\">manu\u00e1l <\/a><\/strong><a rel=\"noreferrer noopener\" href=\"https:\/\/www.spolekbos.cz\/ochrana-drevin-mimo-les\/\" target=\"_blank\">ochrany<\/a><\/p>\n\n\n\n<hr class=\"wp-block-separator is-style-wide\"\/>\n\n\n\n<h2 class=\"has-text-align-center wp-block-heading\">\u00dalo\u017ei\u0161t\u011b pro fotografie a videa<\/h2>\n\n\n\n<p> Fotky, videa z akc\u00ed pros\u00edm ukl\u00e1dejte <a rel=\"noreferrer noopener\" href=\"https:\/\/drive.google.com\/drive\/folders\/1YLZkQ67UYvfSKv33TvgxD-0EEpHBtaEq?usp=sharing\" target=\"_blank\">sem<\/a><\/p>\n\n\n\n<hr class=\"wp-block-separator is-style-wide\"\/>\n\n\n\n<h2 class=\"has-text-align-center wp-block-heading\">Finance, p\u0159\u00edsp\u011bvky, dary<\/h2>\n\n\n\n<iframe loading=\"lazy\" src=\"https:\/\/docs.google.com\/spreadsheets\/d\/e\/2PACX-1vQe5kdgUg_rYHNkV21bGn1yjFUwClzqAwSWHkWigiN8iohklcmvfRoIWcPwVDSvQQ\/pubhtml\" width=\"1024\" height=\"380\"><\/iframe>\n\n\n\n<hr class=\"wp-block-separator\"\/>\n\n\n\n<h2 class=\"has-text-align-center wp-block-heading\">Akce na rok 2023<\/h2>\n\n\n\n<p> rozd\u011blovn\u00edk, nab\u00eddka pomoci <a href=\"https:\/\/docs.google.com\/spreadsheets\/d\/134zuZ3bOO7LtoRxl2evbJbaEt-tu4d5utOPDAC38zLM\/edit?usp=sharing\" data-type=\"URL\" data-id=\"https:\/\/docs.google.com\/spreadsheets\/d\/134zuZ3bOO7LtoRxl2evbJbaEt-tu4d5utOPDAC38zLM\/edit?usp=sharing\" target=\"_blank\" rel=\"noreferrer noopener\">zde<\/a><\/p>\n\n\n\n<iframe loading=\"lazy\" src=\"https:\/\/docs.google.com\/spreadsheets\/d\/134zuZ3bOO7LtoRxl2evbJbaEt-tu4d5utOPDAC38zLM\/edit?usp=sharing\" width=\"1024\" height=\"600\"><\/iframe>\n\n\n\n<hr class=\"wp-block-separator\"\/>\n\n\n\n<h2 class=\"has-text-align-center wp-block-heading\"><\/h2>\n\n\n\n<p><\/p>\n<!--CusAds0-->\n<div style=\"font-size: 0px; height: 0px; line-height: 0px; margin: 0; padding: 0; clear: both;\"><\/div>","protected":false},"excerpt":{"rendered":"<p>Ochrana d\u0159evin rostouc\u00edch mimo les manu\u00e1l ochrany \u00dalo\u017ei\u0161t\u011b pro fotografie a videa Fotky, videa z akc\u00ed pros\u00edm ukl\u00e1dejte sem Finance, p\u0159\u00edsp\u011bvky, dary Akce na rok 2023 rozd\u011blovn\u00edk, nab\u00eddka pomoci zde<\/p>\n","protected":false},"author":2,"featured_media":1346,"parent":0,"menu_order":0,"comment_status":"closed","ping_status":"closed","template":"","meta":{"footnotes":""},"class_list":["post-1501","page","type-page","status-publish","has-post-thumbnail","hentry"],"yoast_head":"<!-- This site is optimized with the Yoast SEO plugin v27.3 - https:\/\/yoast.com\/product\/yoast-seo-wordpress\/ -->\n<title>Pro \u010dleny spolku - Spolek Bolebo\u0159, Oras\u00edn, Svahov\u00e1<\/title>\n<meta name=\"robots\" content=\"index, follow, max-snippet:-1, max-image-preview:large, max-video-preview:-1\" \/>\n<link rel=\"canonical\" href=\"https:\/\/www.spolekbos.cz\/?page_id=1501\" \/>\n<meta property=\"og:locale\" content=\"cs_CZ\" \/>\n<meta property=\"og:type\" content=\"article\" \/>\n<meta property=\"og:title\" content=\"Pro \u010dleny spolku - Spolek Bolebo\u0159, Oras\u00edn, Svahov\u00e1\" \/>\n<meta property=\"og:description\" content=\"Ochrana d\u0159evin rostouc\u00edch mimo les manu\u00e1l ochrany \u00dalo\u017ei\u0161t\u011b pro fotografie a videa Fotky, videa z akc\u00ed pros\u00edm ukl\u00e1dejte sem Finance, p\u0159\u00edsp\u011bvky, dary Akce na rok 2023 rozd\u011blovn\u00edk, nab\u00eddka pomoci zde\" \/>\n<meta property=\"og:url\" content=\"https:\/\/www.spolekbos.cz\/?page_id=1501\" \/>\n<meta property=\"og:site_name\" content=\"Spolek Bolebo\u0159, Oras\u00edn, Svahov\u00e1\" \/>\n<meta property=\"article:modified_time\" content=\"2023-01-18T14:33:34+00:00\" \/>\n<meta property=\"og:image\" content=\"https:\/\/www.spolekbos.cz\/wp-content\/uploads\/2020\/07\/imageedit_3_2814284258.jpg\" \/>\n\t<meta property=\"og:image:width\" content=\"90\" \/>\n\t<meta property=\"og:image:height\" content=\"89\" \/>\n\t<meta property=\"og:image:type\" content=\"image\/jpeg\" \/>\n<meta name=\"twitter:card\" content=\"summary_large_image\" \/>\n<meta name=\"twitter:label1\" content=\"Odhadovan\u00e1 doba \u010dten\u00ed\" \/>\n\t<meta name=\"twitter:data1\" content=\"1 minuta\" \/>\n<script type=\"application\/ld+json\" class=\"yoast-schema-graph\">{\"@context\":\"https:\\\/\\\/schema.org\",\"@graph\":[{\"@type\":\"WebPage\",\"@id\":\"https:\\\/\\\/www.spolekbos.cz\\\/?page_id=1501\",\"url\":\"https:\\\/\\\/www.spolekbos.cz\\\/?page_id=1501\",\"name\":\"Pro \u010dleny spolku - Spolek Bolebo\u0159, Oras\u00edn, Svahov\u00e1\",\"isPartOf\":{\"@id\":\"https:\\\/\\\/www.spolekbos.cz\\\/#website\"},\"primaryImageOfPage\":{\"@id\":\"https:\\\/\\\/www.spolekbos.cz\\\/?page_id=1501#primaryimage\"},\"image\":{\"@id\":\"https:\\\/\\\/www.spolekbos.cz\\\/?page_id=1501#primaryimage\"},\"thumbnailUrl\":\"https:\\\/\\\/www.spolekbos.cz\\\/wp-content\\\/uploads\\\/2020\\\/07\\\/imageedit_3_2814284258.jpg\",\"datePublished\":\"2020-08-22T07:25:14+00:00\",\"dateModified\":\"2023-01-18T14:33:34+00:00\",\"breadcrumb\":{\"@id\":\"https:\\\/\\\/www.spolekbos.cz\\\/?page_id=1501#breadcrumb\"},\"inLanguage\":\"cs\",\"potentialAction\":[{\"@type\":\"ReadAction\",\"target\":[\"https:\\\/\\\/www.spolekbos.cz\\\/?page_id=1501\"]}]},{\"@type\":\"ImageObject\",\"inLanguage\":\"cs\",\"@id\":\"https:\\\/\\\/www.spolekbos.cz\\\/?page_id=1501#primaryimage\",\"url\":\"https:\\\/\\\/www.spolekbos.cz\\\/wp-content\\\/uploads\\\/2020\\\/07\\\/imageedit_3_2814284258.jpg\",\"contentUrl\":\"https:\\\/\\\/www.spolekbos.cz\\\/wp-content\\\/uploads\\\/2020\\\/07\\\/imageedit_3_2814284258.jpg\",\"width\":90,\"height\":89},{\"@type\":\"BreadcrumbList\",\"@id\":\"https:\\\/\\\/www.spolekbos.cz\\\/?page_id=1501#breadcrumb\",\"itemListElement\":[{\"@type\":\"ListItem\",\"position\":1,\"name\":\"Home\",\"item\":\"https:\\\/\\\/www.spolekbos.cz\\\/\"},{\"@type\":\"ListItem\",\"position\":2,\"name\":\"Pro \u010dleny spolku\"}]},{\"@type\":\"WebSite\",\"@id\":\"https:\\\/\\\/www.spolekbos.cz\\\/#website\",\"url\":\"https:\\\/\\\/www.spolekbos.cz\\\/\",\"name\":\"Spolek Bolebo\u0159, Oras\u00edn, Svahov\u00e1\",\"description\":\"Poj\u010fte s n\u00e1mi tvo\u0159it dobr\u00fd sv\u011bt\",\"potentialAction\":[{\"@type\":\"SearchAction\",\"target\":{\"@type\":\"EntryPoint\",\"urlTemplate\":\"https:\\\/\\\/www.spolekbos.cz\\\/?s={search_term_string}\"},\"query-input\":{\"@type\":\"PropertyValueSpecification\",\"valueRequired\":true,\"valueName\":\"search_term_string\"}}],\"inLanguage\":\"cs\"}]}<\/script>\n<!-- \/ Yoast SEO plugin. -->","yoast_head_json":{"title":"Pro \u010dleny spolku - Spolek Bolebo\u0159, Oras\u00edn, Svahov\u00e1","robots":{"index":"index","follow":"follow","max-snippet":"max-snippet:-1","max-image-preview":"max-image-preview:large","max-video-preview":"max-video-preview:-1"},"canonical":"https:\/\/www.spolekbos.cz\/?page_id=1501","og_locale":"cs_CZ","og_type":"article","og_title":"Pro \u010dleny spolku - Spolek Bolebo\u0159, Oras\u00edn, Svahov\u00e1","og_description":"Ochrana d\u0159evin rostouc\u00edch mimo les manu\u00e1l ochrany \u00dalo\u017ei\u0161t\u011b pro fotografie a videa Fotky, videa z akc\u00ed pros\u00edm ukl\u00e1dejte sem Finance, p\u0159\u00edsp\u011bvky, dary Akce na rok 2023 rozd\u011blovn\u00edk, nab\u00eddka pomoci zde","og_url":"https:\/\/www.spolekbos.cz\/?page_id=1501","og_site_name":"Spolek Bolebo\u0159, Oras\u00edn, Svahov\u00e1","article_modified_time":"2023-01-18T14:33:34+00:00","og_image":[{"width":90,"height":89,"url":"https:\/\/www.spolekbos.cz\/wp-content\/uploads\/2020\/07\/imageedit_3_2814284258.jpg","type":"image\/jpeg"}],"twitter_card":"summary_large_image","twitter_misc":{"Odhadovan\u00e1 doba \u010dten\u00ed":"1 minuta"},"schema":{"@context":"https:\/\/schema.org","@graph":[{"@type":"WebPage","@id":"https:\/\/www.spolekbos.cz\/?page_id=1501","url":"https:\/\/www.spolekbos.cz\/?page_id=1501","name":"Pro \u010dleny spolku - Spolek Bolebo\u0159, Oras\u00edn, Svahov\u00e1","isPartOf":{"@id":"https:\/\/www.spolekbos.cz\/#website"},"primaryImageOfPage":{"@id":"https:\/\/www.spolekbos.cz\/?page_id=1501#primaryimage"},"image":{"@id":"https:\/\/www.spolekbos.cz\/?page_id=1501#primaryimage"},"thumbnailUrl":"https:\/\/www.spolekbos.cz\/wp-content\/uploads\/2020\/07\/imageedit_3_2814284258.jpg","datePublished":"2020-08-22T07:25:14+00:00","dateModified":"2023-01-18T14:33:34+00:00","breadcrumb":{"@id":"https:\/\/www.spolekbos.cz\/?page_id=1501#breadcrumb"},"inLanguage":"cs","potentialAction":[{"@type":"ReadAction","target":["https:\/\/www.spolekbos.cz\/?page_id=1501"]}]},{"@type":"ImageObject","inLanguage":"cs","@id":"https:\/\/www.spolekbos.cz\/?page_id=1501#primaryimage","url":"https:\/\/www.spolekbos.cz\/wp-content\/uploads\/2020\/07\/imageedit_3_2814284258.jpg","contentUrl":"https:\/\/www.spolekbos.cz\/wp-content\/uploads\/2020\/07\/imageedit_3_2814284258.jpg","width":90,"height":89},{"@type":"BreadcrumbList","@id":"https:\/\/www.spolekbos.cz\/?page_id=1501#breadcrumb","itemListElement":[{"@type":"ListItem","position":1,"name":"Home","item":"https:\/\/www.spolekbos.cz\/"},{"@type":"ListItem","position":2,"name":"Pro \u010dleny spolku"}]},{"@type":"WebSite","@id":"https:\/\/www.spolekbos.cz\/#website","url":"https:\/\/www.spolekbos.cz\/","name":"Spolek Bolebo\u0159, Oras\u00edn, Svahov\u00e1","description":"Poj\u010fte s n\u00e1mi tvo\u0159it dobr\u00fd sv\u011bt","potentialAction":[{"@type":"SearchAction","target":{"@type":"EntryPoint","urlTemplate":"https:\/\/www.spolekbos.cz\/?s={search_term_string}"},"query-input":{"@type":"PropertyValueSpecification","valueRequired":true,"valueName":"search_term_string"}}],"inLanguage":"cs"}]}},"_links":{"self":[{"href":"https:\/\/www.spolekbos.cz\/index.php?rest_route=\/wp\/v2\/pages\/1501","targetHints":{"allow":["GET"]}}],"collection":[{"href":"https:\/\/www.spolekbos.cz\/index.php?rest_route=\/wp\/v2\/pages"}],"about":[{"href":"https:\/\/www.spolekbos.cz\/index.php?rest_route=\/wp\/v2\/types\/page"}],"author":[{"embeddable":true,"href":"https:\/\/www.spolekbos.cz\/index.php?rest_route=\/wp\/v2\/users\/2"}],"replies":[{"embeddable":true,"href":"https:\/\/www.spolekbos.cz\/index.php?rest_route=%2Fwp%2Fv2%2Fcomments&post=1501"}],"version-history":[{"count":61,"href":"https:\/\/www.spolekbos.cz\/index.php?rest_route=\/wp\/v2\/pages\/1501\/revisions"}],"predecessor-version":[{"id":2860,"href":"https:\/\/www.spolekbos.cz\/index.php?rest_route=\/wp\/v2\/pages\/1501\/revisions\/2860"}],"wp:featuredmedia":[{"embeddable":true,"href":"https:\/\/www.spolekbos.cz\/index.php?rest_route=\/wp\/v2\/media\/1346"}],"wp:attachment":[{"href":"https:\/\/www.spolekbos.cz\/index.php?rest_route=%2Fwp%2Fv2%2Fmedia&parent=1501"}],"curies":[{"name":"wp","href":"https:\/\/api.w.org\/{rel}","templated":true}]}}