{"id":1573,"date":"2020-08-25T11:44:38","date_gmt":"2020-08-25T09:44:38","guid":{"rendered":"https:\/\/www.spolekbos.cz\/?page_id=1573"},"modified":"2020-08-25T11:44:40","modified_gmt":"2020-08-25T09:44:40","slug":"alej-dosazeni","status":"publish","type":"page","link":"https:\/\/www.spolekbos.cz\/?page_id=1573","title":{"rendered":"Alej dosazen\u00ed"},"content":{"rendered":"\n<p>D\u011bkujeme za z\u00e1jem z\u00fa\u010dastnit se.<\/p>\n<!--CusAds0-->\n<div style=\"font-size: 0px; height: 0px; line-height: 0px; margin: 0; padding: 0; clear: both;\"><\/div>","protected":false},"excerpt":{"rendered":"<p>D\u011bkujeme za z\u00e1jem z\u00fa\u010dastnit se.<\/p>\n","protected":false},"author":2,"featured_media":0,"parent":0,"menu_order":0,"comment_status":"closed","ping_status":"closed","template":"","meta":{"footnotes":""},"class_list":["post-1573","page","type-page","status-publish","hentry"],"yoast_head":"<!-- This site is optimized with the Yoast SEO plugin v27.3 - https:\/\/yoast.com\/product\/yoast-seo-wordpress\/ -->\n<title>Alej dosazen\u00ed - Spolek Bolebo\u0159, Oras\u00edn, Svahov\u00e1<\/title>\n<meta name=\"robots\" content=\"index, follow, max-snippet:-1, max-image-preview:large, max-video-preview:-1\" \/>\n<link rel=\"canonical\" href=\"https:\/\/www.spolekbos.cz\/?page_id=1573\" \/>\n<meta property=\"og:locale\" content=\"cs_CZ\" \/>\n<meta property=\"og:type\" content=\"article\" \/>\n<meta property=\"og:title\" content=\"Alej dosazen\u00ed - Spolek Bolebo\u0159, Oras\u00edn, Svahov\u00e1\" \/>\n<meta property=\"og:description\" content=\"D\u011bkujeme za z\u00e1jem z\u00fa\u010dastnit se.\" \/>\n<meta property=\"og:url\" content=\"https:\/\/www.spolekbos.cz\/?page_id=1573\" \/>\n<meta property=\"og:site_name\" content=\"Spolek Bolebo\u0159, Oras\u00edn, Svahov\u00e1\" \/>\n<meta property=\"article:modified_time\" content=\"2020-08-25T09:44:40+00:00\" \/>\n<meta name=\"twitter:card\" content=\"summary_large_image\" \/>\n<script type=\"application\/ld+json\" class=\"yoast-schema-graph\">{\"@context\":\"https:\\\/\\\/schema.org\",\"@graph\":[{\"@type\":\"WebPage\",\"@id\":\"https:\\\/\\\/www.spolekbos.cz\\\/?page_id=1573\",\"url\":\"https:\\\/\\\/www.spolekbos.cz\\\/?page_id=1573\",\"name\":\"Alej dosazen\u00ed - Spolek Bolebo\u0159, Oras\u00edn, Svahov\u00e1\",\"isPartOf\":{\"@id\":\"https:\\\/\\\/www.spolekbos.cz\\\/#website\"},\"datePublished\":\"2020-08-25T09:44:38+00:00\",\"dateModified\":\"2020-08-25T09:44:40+00:00\",\"breadcrumb\":{\"@id\":\"https:\\\/\\\/www.spolekbos.cz\\\/?page_id=1573#breadcrumb\"},\"inLanguage\":\"cs\",\"potentialAction\":[{\"@type\":\"ReadAction\",\"target\":[\"https:\\\/\\\/www.spolekbos.cz\\\/?page_id=1573\"]}]},{\"@type\":\"BreadcrumbList\",\"@id\":\"https:\\\/\\\/www.spolekbos.cz\\\/?page_id=1573#breadcrumb\",\"itemListElement\":[{\"@type\":\"ListItem\",\"position\":1,\"name\":\"Home\",\"item\":\"https:\\\/\\\/www.spolekbos.cz\\\/\"},{\"@type\":\"ListItem\",\"position\":2,\"name\":\"Alej dosazen\u00ed\"}]},{\"@type\":\"WebSite\",\"@id\":\"https:\\\/\\\/www.spolekbos.cz\\\/#website\",\"url\":\"https:\\\/\\\/www.spolekbos.cz\\\/\",\"name\":\"Spolek Bolebo\u0159, Oras\u00edn, Svahov\u00e1\",\"description\":\"Poj\u010fte s n\u00e1mi tvo\u0159it dobr\u00fd sv\u011bt\",\"potentialAction\":[{\"@type\":\"SearchAction\",\"target\":{\"@type\":\"EntryPoint\",\"urlTemplate\":\"https:\\\/\\\/www.spolekbos.cz\\\/?s={search_term_string}\"},\"query-input\":{\"@type\":\"PropertyValueSpecification\",\"valueRequired\":true,\"valueName\":\"search_term_string\"}}],\"inLanguage\":\"cs\"}]}<\/script>\n<!-- \/ Yoast SEO plugin. -->","yoast_head_json":{"title":"Alej dosazen\u00ed - Spolek Bolebo\u0159, Oras\u00edn, Svahov\u00e1","robots":{"index":"index","follow":"follow","max-snippet":"max-snippet:-1","max-image-preview":"max-image-preview:large","max-video-preview":"max-video-preview:-1"},"canonical":"https:\/\/www.spolekbos.cz\/?page_id=1573","og_locale":"cs_CZ","og_type":"article","og_title":"Alej dosazen\u00ed - Spolek Bolebo\u0159, Oras\u00edn, Svahov\u00e1","og_description":"D\u011bkujeme za z\u00e1jem z\u00fa\u010dastnit se.","og_url":"https:\/\/www.spolekbos.cz\/?page_id=1573","og_site_name":"Spolek Bolebo\u0159, Oras\u00edn, Svahov\u00e1","article_modified_time":"2020-08-25T09:44:40+00:00","twitter_card":"summary_large_image","schema":{"@context":"https:\/\/schema.org","@graph":[{"@type":"WebPage","@id":"https:\/\/www.spolekbos.cz\/?page_id=1573","url":"https:\/\/www.spolekbos.cz\/?page_id=1573","name":"Alej dosazen\u00ed - Spolek Bolebo\u0159, Oras\u00edn, Svahov\u00e1","isPartOf":{"@id":"https:\/\/www.spolekbos.cz\/#website"},"datePublished":"2020-08-25T09:44:38+00:00","dateModified":"2020-08-25T09:44:40+00:00","breadcrumb":{"@id":"https:\/\/www.spolekbos.cz\/?page_id=1573#breadcrumb"},"inLanguage":"cs","potentialAction":[{"@type":"ReadAction","target":["https:\/\/www.spolekbos.cz\/?page_id=1573"]}]},{"@type":"BreadcrumbList","@id":"https:\/\/www.spolekbos.cz\/?page_id=1573#breadcrumb","itemListElement":[{"@type":"ListItem","position":1,"name":"Home","item":"https:\/\/www.spolekbos.cz\/"},{"@type":"ListItem","position":2,"name":"Alej dosazen\u00ed"}]},{"@type":"WebSite","@id":"https:\/\/www.spolekbos.cz\/#website","url":"https:\/\/www.spolekbos.cz\/","name":"Spolek Bolebo\u0159, Oras\u00edn, Svahov\u00e1","description":"Poj\u010fte s n\u00e1mi tvo\u0159it dobr\u00fd sv\u011bt","potentialAction":[{"@type":"SearchAction","target":{"@type":"EntryPoint","urlTemplate":"https:\/\/www.spolekbos.cz\/?s={search_term_string}"},"query-input":{"@type":"PropertyValueSpecification","valueRequired":true,"valueName":"search_term_string"}}],"inLanguage":"cs"}]}},"_links":{"self":[{"href":"https:\/\/www.spolekbos.cz\/index.php?rest_route=\/wp\/v2\/pages\/1573","targetHints":{"allow":["GET"]}}],"collection":[{"href":"https:\/\/www.spolekbos.cz\/index.php?rest_route=\/wp\/v2\/pages"}],"about":[{"href":"https:\/\/www.spolekbos.cz\/index.php?rest_route=\/wp\/v2\/types\/page"}],"author":[{"embeddable":true,"href":"https:\/\/www.spolekbos.cz\/index.php?rest_route=\/wp\/v2\/users\/2"}],"replies":[{"embeddable":true,"href":"https:\/\/www.spolekbos.cz\/index.php?rest_route=%2Fwp%2Fv2%2Fcomments&post=1573"}],"version-history":[{"count":1,"href":"https:\/\/www.spolekbos.cz\/index.php?rest_route=\/wp\/v2\/pages\/1573\/revisions"}],"predecessor-version":[{"id":1574,"href":"https:\/\/www.spolekbos.cz\/index.php?rest_route=\/wp\/v2\/pages\/1573\/revisions\/1574"}],"wp:attachment":[{"href":"https:\/\/www.spolekbos.cz\/index.php?rest_route=%2Fwp%2Fv2%2Fmedia&parent=1573"}],"curies":[{"name":"wp","href":"https:\/\/api.w.org\/{rel}","templated":true}]}}